{"id":96,"date":"2022-03-26T19:07:04","date_gmt":"2022-03-26T19:07:04","guid":{"rendered":"http:\/\/bela-byg.dk\/?page_id=96"},"modified":"2022-03-28T13:10:39","modified_gmt":"2022-03-28T13:10:39","slug":"home","status":"publish","type":"page","link":"https:\/\/bela-byg.dk\/","title":{"rendered":"Home"},"content":{"rendered":"\t\t<div data-elementor-type=\"wp-page\" data-elementor-id=\"96\" class=\"elementor elementor-96\">\n\t\t\t\t\t\t\t\t\t<section class=\"elementor-section elementor-top-section elementor-element elementor-element-facaa21 elementor-section-boxed elementor-section-height-default elementor-section-height-default\" data-id=\"facaa21\" data-element_type=\"section\">\n\t\t\t\t\t\t<div class=\"elementor-container elementor-column-gap-default\">\n\t\t\t\t\t<div class=\"elementor-column elementor-col-100 elementor-top-column elementor-element elementor-element-659449d\" data-id=\"659449d\" data-element_type=\"column\">\n\t\t\t<div class=\"elementor-widget-wrap elementor-element-populated\">\n\t\t\t\t\t\t\t\t<div class=\"elementor-element elementor-element-c72a2c9 elementor-widget elementor-widget-text-editor\" data-id=\"c72a2c9\" data-element_type=\"widget\" data-widget_type=\"text-editor.default\">\n\t\t\t\t<div class=\"elementor-widget-container\">\n\t\t\t<style>\/*! elementor - v3.14.0 - 18-06-2023 *\/\n.elementor-widget-text-editor.elementor-drop-cap-view-stacked .elementor-drop-cap{background-color:#69727d;color:#fff}.elementor-widget-text-editor.elementor-drop-cap-view-framed .elementor-drop-cap{color:#69727d;border:3px solid;background-color:transparent}.elementor-widget-text-editor:not(.elementor-drop-cap-view-default) .elementor-drop-cap{margin-top:8px}.elementor-widget-text-editor:not(.elementor-drop-cap-view-default) .elementor-drop-cap-letter{width:1em;height:1em}.elementor-widget-text-editor .elementor-drop-cap{float:left;text-align:center;line-height:1;font-size:50px}.elementor-widget-text-editor .elementor-drop-cap-letter{display:inline-block}<\/style>\t\t\t\t<h2>Giv os en opgave &#8211;<\/h2><h2>Vi l\u00f8ser den<\/h2>\t\t\t\t\t\t<\/div>\n\t\t\t\t<\/div>\n\t\t\t\t\t<\/div>\n\t\t<\/div>\n\t\t\t\t\t\t\t<\/div>\n\t\t<\/section>\n\t\t\t\t<section class=\"elementor-section elementor-top-section elementor-element elementor-element-8e480d9 elementor-section-boxed elementor-section-height-default elementor-section-height-default\" data-id=\"8e480d9\" data-element_type=\"section\">\n\t\t\t\t\t\t<div class=\"elementor-container elementor-column-gap-default\">\n\t\t\t\t\t<div class=\"elementor-column elementor-col-100 elementor-top-column elementor-element elementor-element-1d0d13c\" data-id=\"1d0d13c\" data-element_type=\"column\">\n\t\t\t<div class=\"elementor-widget-wrap elementor-element-populated\">\n\t\t\t\t\t\t\t\t<div class=\"elementor-element elementor-element-9f7fe77 elementor-widget elementor-widget-text-editor\" data-id=\"9f7fe77\" data-element_type=\"widget\" data-widget_type=\"text-editor.default\">\n\t\t\t\t<div class=\"elementor-widget-container\">\n\t\t\t\t\t\t\t<h5><strong>BELA-BYG A\/S<\/strong> tager alle udfordringer inden for t\u00f8mrer-, snedker- og murerfaget samt hovedenterpriser.<\/h5><div>\u00a0<\/div><h5>Vi udf\u00f8rer naturligvis opgaver som del- eller hovedenterpriser, og vi l\u00e6gger s\u00e6rlig v\u00e6gt p\u00e5 h\u00f8j kvalitet samt at overholde foreskrevne regler og bygningsreglementet til punkt og prikke.<\/h5><h5>Ingen opgave er for stor eller lille, og vi kan f.eks. udf\u00f8re:<\/h5><ul><li type=\"disc\"><h5>Alle former for tagarbejde<\/h5><\/li><li type=\"disc\"><h5>Gulv, v\u00e6gge og lofter<\/h5><\/li><li type=\"disc\"><h5>Opgaver for boligselskaber<\/h5><\/li><li type=\"disc\"><h5>Udestuer, overd\u00e6kninger og carporte<\/h5><\/li><li type=\"disc\"><h5>Forsikringsskader<\/h5><\/li><li type=\"disc\"><h5>Renoveringsopgaver<\/h5><\/li><li type=\"disc\"><h5>Modernisering eller udskiftning af k\u00f8kken eller badev\u00e6relser<\/h5><\/li><li type=\"disc\"><h5>Udskiftning af d\u00f8re og vinduer<\/h5><\/li><li type=\"disc\"><h5>Nybyg samt tilbygninger<\/h5><\/li><\/ul><h5>\u00a0<\/h5><h5>BELA-BYG A\/S er et team af erfarne og dygtige h\u00e5ndv\u00e6rkere med mange \u00e5rs erfaring, der s\u00e6tter en \u00e6re i arbejdet. Vi benytter os kun af materialer, der lever op til vores h\u00f8je kvalitetskrav.<\/h5>\t\t\t\t\t\t<\/div>\n\t\t\t\t<\/div>\n\t\t\t\t\t<\/div>\n\t\t<\/div>\n\t\t\t\t\t\t\t<\/div>\n\t\t<\/section>\n\t\t\t\t<section class=\"elementor-section elementor-top-section elementor-element elementor-element-30f4153 elementor-section-boxed elementor-section-height-default elementor-section-height-default\" data-id=\"30f4153\" data-element_type=\"section\">\n\t\t\t\t\t\t<div class=\"elementor-container elementor-column-gap-default\">\n\t\t\t\t\t<div class=\"elementor-column elementor-col-100 elementor-top-column elementor-element elementor-element-9c6c705\" data-id=\"9c6c705\" data-element_type=\"column\">\n\t\t\t<div class=\"elementor-widget-wrap elementor-element-populated\">\n\t\t\t\t\t\t\t\t<div class=\"elementor-element elementor-element-7486651 elementor-widget elementor-widget-text-editor\" data-id=\"7486651\" data-element_type=\"widget\" data-widget_type=\"text-editor.default\">\n\t\t\t\t<div class=\"elementor-widget-container\">\n\t\t\t\t\t\t\t<h5>Vi er medlem af:<\/h5>\t\t\t\t\t\t<\/div>\n\t\t\t\t<\/div>\n\t\t\t\t<div class=\"elementor-element elementor-element-a9315cb elementor-widget elementor-widget-image\" data-id=\"a9315cb\" data-element_type=\"widget\" data-widget_type=\"image.default\">\n\t\t\t\t<div class=\"elementor-widget-container\">\n\t\t\t<style>\/*! elementor - v3.14.0 - 18-06-2023 *\/\n.elementor-widget-image{text-align:center}.elementor-widget-image a{display:inline-block}.elementor-widget-image a img[src$=\".svg\"]{width:48px}.elementor-widget-image img{vertical-align:middle;display:inline-block}<\/style>\t\t\t\t\t\t\t\t\t\t\t\t<img loading=\"lazy\" decoding=\"async\" width=\"150\" height=\"150\" src=\"https:\/\/bela-byg.dk\/wp-content\/uploads\/2022\/03\/garantidh_logo_rgb-150x150-1.png\" class=\"attachment-large size-large wp-image-217\" alt=\"\" style=\"width:100%;height:100%;max-width:150px\" \/>\t\t\t\t\t\t\t\t\t\t\t\t\t\t\t<\/div>\n\t\t\t\t<\/div>\n\t\t\t\t\t<\/div>\n\t\t<\/div>\n\t\t\t\t\t\t\t<\/div>\n\t\t<\/section>\n\t\t\t\t\t\t\t<\/div>\n\t\t","protected":false},"excerpt":{"rendered":"<p>Giv os en opgave &#8211; Vi l\u00f8ser den BELA-BYG A\/S tager alle udfordringer inden for t\u00f8mrer-, snedker- og murerfaget samt hovedenterpriser. \u00a0 Vi udf\u00f8rer naturligvis opgaver som del- eller hovedenterpriser, og vi l\u00e6gger s\u00e6rlig v\u00e6gt p\u00e5 h\u00f8j kvalitet samt at overholde foreskrevne regler og bygningsreglementet til punkt og prikke. Ingen opgave er for stor eller&hellip; <a class=\"more-link\" href=\"https:\/\/bela-byg.dk\/\">L\u00e6s mere <span class=\"screen-reader-text\">Home<\/span><\/a><\/p>\n","protected":false},"author":1,"featured_media":0,"parent":0,"menu_order":0,"comment_status":"closed","ping_status":"closed","template":"elementor_header_footer","meta":{"footnotes":""},"class_list":["post-96","page","type-page","status-publish","hentry","entry"],"_links":{"self":[{"href":"https:\/\/bela-byg.dk\/index.php\/wp-json\/wp\/v2\/pages\/96","targetHints":{"allow":["GET"]}}],"collection":[{"href":"https:\/\/bela-byg.dk\/index.php\/wp-json\/wp\/v2\/pages"}],"about":[{"href":"https:\/\/bela-byg.dk\/index.php\/wp-json\/wp\/v2\/types\/page"}],"author":[{"embeddable":true,"href":"https:\/\/bela-byg.dk\/index.php\/wp-json\/wp\/v2\/users\/1"}],"replies":[{"embeddable":true,"href":"https:\/\/bela-byg.dk\/index.php\/wp-json\/wp\/v2\/comments?post=96"}],"version-history":[{"count":57,"href":"https:\/\/bela-byg.dk\/index.php\/wp-json\/wp\/v2\/pages\/96\/revisions"}],"predecessor-version":[{"id":381,"href":"https:\/\/bela-byg.dk\/index.php\/wp-json\/wp\/v2\/pages\/96\/revisions\/381"}],"wp:attachment":[{"href":"https:\/\/bela-byg.dk\/index.php\/wp-json\/wp\/v2\/media?parent=96"}],"curies":[{"name":"wp","href":"https:\/\/api.w.org\/{rel}","templated":true}]}}