{"id":44,"date":"2022-03-26T18:29:00","date_gmt":"2022-03-26T18:29:00","guid":{"rendered":"http:\/\/bela-byg.dk\/?page_id=44"},"modified":"2022-03-28T13:18:07","modified_gmt":"2022-03-28T13:18:07","slug":"total-entrepriser","status":"publish","type":"page","link":"https:\/\/bela-byg.dk\/index.php\/total-entrepriser\/","title":{"rendered":"Hovedentrepriser"},"content":{"rendered":"\t\t<div data-elementor-type=\"wp-page\" data-elementor-id=\"44\" class=\"elementor elementor-44\">\n\t\t\t\t\t\t\t\t\t<section class=\"elementor-section elementor-top-section elementor-element elementor-element-95c43c5 elementor-section-boxed elementor-section-height-default elementor-section-height-default\" data-id=\"95c43c5\" data-element_type=\"section\">\n\t\t\t\t\t\t<div class=\"elementor-container elementor-column-gap-default\">\n\t\t\t\t\t<div class=\"elementor-column elementor-col-100 elementor-top-column elementor-element elementor-element-e17e617\" data-id=\"e17e617\" data-element_type=\"column\">\n\t\t\t<div class=\"elementor-widget-wrap elementor-element-populated\">\n\t\t\t\t\t\t\t\t<div class=\"elementor-element elementor-element-1c611f3 elementor-widget elementor-widget-text-editor\" data-id=\"1c611f3\" data-element_type=\"widget\" data-widget_type=\"text-editor.default\">\n\t\t\t\t<div class=\"elementor-widget-container\">\n\t\t\t<style>\/*! elementor - v3.14.0 - 18-06-2023 *\/\n.elementor-widget-text-editor.elementor-drop-cap-view-stacked .elementor-drop-cap{background-color:#69727d;color:#fff}.elementor-widget-text-editor.elementor-drop-cap-view-framed .elementor-drop-cap{color:#69727d;border:3px solid;background-color:transparent}.elementor-widget-text-editor:not(.elementor-drop-cap-view-default) .elementor-drop-cap{margin-top:8px}.elementor-widget-text-editor:not(.elementor-drop-cap-view-default) .elementor-drop-cap-letter{width:1em;height:1em}.elementor-widget-text-editor .elementor-drop-cap{float:left;text-align:center;line-height:1;font-size:50px}.elementor-widget-text-editor .elementor-drop-cap-letter{display:inline-block}<\/style>\t\t\t\t<h3>Hovedenterpriser<\/h3>\t\t\t\t\t\t<\/div>\n\t\t\t\t<\/div>\n\t\t\t\t<div class=\"elementor-element elementor-element-40f8baa elementor-widget elementor-widget-text-editor\" data-id=\"40f8baa\" data-element_type=\"widget\" data-widget_type=\"text-editor.default\">\n\t\t\t\t<div class=\"elementor-widget-container\">\n\t\t\t\t\t\t\t<h5>Bela-Byg A\/S udf\u00f8rer hovedentrepriser.<\/h5><h5>\u00a0<\/h5><h5>Alt fra det enkle til det avancerede st\u00e5r vi klar til at l\u00f8se i samarbejde med andre dygtige h\u00e5ndv\u00e6rkere, som vi har etableret fast samarbejde med.<\/h5><div>\u00a0<\/div><h5>Samarbejdet betyder, at vi altid kan give et samlet tilbud p\u00e5 hele opgaven og at du kan n\u00f8jes med at kontakte \u00e9n h\u00e5ndv\u00e6rker, selv til store byggeprojekter.<\/h5><div>\u00a0<\/div><h5>Vi l\u00e6gger v\u00e6gt p\u00e5, at projektet bliver godt gennemt\u00e6nkt og er n\u00f8je planlagt fra start, s\u00e5 der ikke opst\u00e5r misforst\u00e5elser undervejs. Den gode planl\u00e6gning sikre ogs\u00e5, at arbejdet er f\u00e6rdig til tiden og til den aftalte pris.<\/h5><div>\u00a0<\/div><h5>Kontakt os for et uforpligtende tilbud p\u00e5 Jeres opgave.<\/h5>\t\t\t\t\t\t<\/div>\n\t\t\t\t<\/div>\n\t\t\t\t\t<\/div>\n\t\t<\/div>\n\t\t\t\t\t\t\t<\/div>\n\t\t<\/section>\n\t\t\t\t\t\t\t<\/div>\n\t\t","protected":false},"excerpt":{"rendered":"<p>Hovedenterpriser Bela-Byg A\/S udf\u00f8rer hovedentrepriser. \u00a0 Alt fra det enkle til det avancerede st\u00e5r vi klar til at l\u00f8se i samarbejde med andre dygtige h\u00e5ndv\u00e6rkere, som vi har etableret fast samarbejde med. \u00a0 Samarbejdet betyder, at vi altid kan give et samlet tilbud p\u00e5 hele opgaven og at du kan n\u00f8jes med at kontakte \u00e9n&hellip; <a class=\"more-link\" href=\"https:\/\/bela-byg.dk\/index.php\/total-entrepriser\/\">L\u00e6s mere <span class=\"screen-reader-text\">Hovedentrepriser<\/span><\/a><\/p>\n","protected":false},"author":1,"featured_media":0,"parent":0,"menu_order":0,"comment_status":"closed","ping_status":"closed","template":"elementor_header_footer","meta":{"footnotes":""},"class_list":["post-44","page","type-page","status-publish","hentry","entry"],"_links":{"self":[{"href":"https:\/\/bela-byg.dk\/index.php\/wp-json\/wp\/v2\/pages\/44","targetHints":{"allow":["GET"]}}],"collection":[{"href":"https:\/\/bela-byg.dk\/index.php\/wp-json\/wp\/v2\/pages"}],"about":[{"href":"https:\/\/bela-byg.dk\/index.php\/wp-json\/wp\/v2\/types\/page"}],"author":[{"embeddable":true,"href":"https:\/\/bela-byg.dk\/index.php\/wp-json\/wp\/v2\/users\/1"}],"replies":[{"embeddable":true,"href":"https:\/\/bela-byg.dk\/index.php\/wp-json\/wp\/v2\/comments?post=44"}],"version-history":[{"count":41,"href":"https:\/\/bela-byg.dk\/index.php\/wp-json\/wp\/v2\/pages\/44\/revisions"}],"predecessor-version":[{"id":392,"href":"https:\/\/bela-byg.dk\/index.php\/wp-json\/wp\/v2\/pages\/44\/revisions\/392"}],"wp:attachment":[{"href":"https:\/\/bela-byg.dk\/index.php\/wp-json\/wp\/v2\/media?parent=44"}],"curies":[{"name":"wp","href":"https:\/\/api.w.org\/{rel}","templated":true}]}}